{"id":7630,"date":"2017-04-20T14:49:15","date_gmt":"2017-04-20T12:49:15","guid":{"rendered":"https:\/\/www.kraeutermuehlenhof.de\/?page_id=7630"},"modified":"2023-01-11T17:03:12","modified_gmt":"2023-01-11T16:03:12","slug":"polozenie-godziny-otwarcia","status":"publish","type":"page","link":"https:\/\/www.kraeutermuehlenhof.de\/pl\/polozenie-godziny-otwarcia\/","title":{"rendered":"Godziny otwarcia i Po\u0142o\u017cenie"},"content":{"rendered":"<h2 style=\"text-align: center;\"><span style=\"color: #8e8281;\">Godziny otwarcia<\/span><\/h2>\n<p>&nbsp;<\/p>\n<div class=\"row column-row shortcode-row\">\n<p span style=\"text-align: center;\">Aktualne godziny otwarcia mo\u017cna znale\u017a\u0107 na naszej <a href=\"https:\/\/www.kraeutermuehlenhof.de\/lage-oeffnungszeiten\/\">niemieckiej stronie internetowej<\/a> lub Google. Dzi\u0119kujemy i do zobaczenia wkr\u00f3tce!<\/span><\/strong><\/p>\n<\/p>\n<p> <\/div>\n<h2 style=\"text-align: center;\"><span style=\"color: #8e8281;\">Po\u0142o\u017cenie<\/span><\/h2>\n<p>&nbsp;<\/p>\n<div class=\"map-overlay\"><\/div>\n<p><iframe loading=\"lazy\" width=\"300\" height=\"150\" style=\"border: none; overflow: hidden; width: 100%; height: 400px;\" id=\"maps\" src=\"https:\/\/maps.google.com\/maps?q=Restaurant+Kr%C3%A4uterm%C3%BChle+Burg+%28Spreewald%29%2C+Kurparkstra%C3%9Fe%2C+Burg+%28Spreewald%29%2C+Brandenburg&#038;center=Restaurant+Kr%C3%A4uterm%C3%BChle+Burg+%28Spreewald%29%2C+Kurparkstra%C3%9Fe%2C+Burg+%28Spreewald%29%2C+Brandenburg&#038;output=embed&#038;z=15&#038;visual_refresh=true\"><\/iframe><\/p>\n<p>&nbsp;<\/p>\n<div class=\"row column-row shortcode-row\"><div class=\"col-xs-12 col-md-6 \"><p>Zielny M\u0142yn znajduje si\u0119 w centrum miejscowo\u015bci Burg bezpo\u015brednio przy parku uzdrowiskowym. Mo\u017cna do nas dojecha\u0107 ulicami Bahnhofsstra\u00dfe i Am Bahndamm.<\/p>\n<\/div><div class=\"col-xs-12 col-md-6 \"><p>Burg (Spreewald) le\u017cy w po\u0142udniowej Brandenburgii, oko\u0142o 100\u00a0km na po\u0142udnie od Berlina i 100\u00a0km na p\u00f3\u0142noc od Drezna. Miasto Cottbus le\u017cy w odleg\u0142o\u015bci oko\u0142o 20\u00a0km od nas.<\/p>\n<\/div><\/div>\n","protected":false},"excerpt":{"rendered":"<p>Godziny otwarcia &nbsp; Po\u0142o\u017cenie &nbsp; &nbsp;<\/p>\n","protected":false},"author":6,"featured_media":6896,"parent":0,"menu_order":8,"comment_status":"closed","ping_status":"closed","template":"","meta":{"footnotes":""},"class_list":["post-7630","page","type-page","status-publish","has-post-thumbnail","hentry"],"_links":{"self":[{"href":"https:\/\/www.kraeutermuehlenhof.de\/pl\/wp-json\/wp\/v2\/pages\/7630","targetHints":{"allow":["GET"]}}],"collection":[{"href":"https:\/\/www.kraeutermuehlenhof.de\/pl\/wp-json\/wp\/v2\/pages"}],"about":[{"href":"https:\/\/www.kraeutermuehlenhof.de\/pl\/wp-json\/wp\/v2\/types\/page"}],"author":[{"embeddable":true,"href":"https:\/\/www.kraeutermuehlenhof.de\/pl\/wp-json\/wp\/v2\/users\/6"}],"replies":[{"embeddable":true,"href":"https:\/\/www.kraeutermuehlenhof.de\/pl\/wp-json\/wp\/v2\/comments?post=7630"}],"version-history":[{"count":5,"href":"https:\/\/www.kraeutermuehlenhof.de\/pl\/wp-json\/wp\/v2\/pages\/7630\/revisions"}],"predecessor-version":[{"id":8592,"href":"https:\/\/www.kraeutermuehlenhof.de\/pl\/wp-json\/wp\/v2\/pages\/7630\/revisions\/8592"}],"wp:featuredmedia":[{"embeddable":true,"href":"https:\/\/www.kraeutermuehlenhof.de\/pl\/wp-json\/wp\/v2\/media\/6896"}],"wp:attachment":[{"href":"https:\/\/www.kraeutermuehlenhof.de\/pl\/wp-json\/wp\/v2\/media?parent=7630"}],"curies":[{"name":"wp","href":"https:\/\/api.w.org\/{rel}","templated":true}]}}