{"id":7625,"date":"2017-04-20T13:09:05","date_gmt":"2017-04-20T11:09:05","guid":{"rendered":"https:\/\/www.kraeutermuehlenhof.de\/?page_id=7625"},"modified":"2022-12-19T17:24:47","modified_gmt":"2022-12-19T16:24:47","slug":"nasza-firma","status":"publish","type":"page","link":"https:\/\/www.kraeutermuehlenhof.de\/pl\/nasza-firma\/","title":{"rendered":"Nasza firma"},"content":{"rendered":"<div id=\"header-container\" style=\"background-image: url('https:\/\/www.kraeutermuehlenhof.de\/wp-content\/uploads\/2017\/06\/slider_unternehmen_2_opt.jpg');\"><\/div>\n<h1 style=\"text-align: center;\"><span style=\"color: #63a70a;\"><strong>OTO MY \u2013\u00a0KR\u00c4UTERM\u00dcHLENHOF BURG (SPREEWALD)<\/strong><\/span><\/h1>\n<h2 class=\"p1 text-brown\" style=\"text-align: center;\"><span style=\"color: #8e8281;\">Styl w jakim zosta\u0142 wybudowany nasz rodzinny biznes jest typowy dla Spreewald.<\/span><\/h2>\n<\/p>\n<h2 style=\"text-align: center;\"><span style=\"color: #63a70a;\"><\/span><span style=\"color: #63a70a;\">Nasza historia<\/span><\/h2>\n<\/p>\n<div class=\"row column-row shortcode-row\"><div class=\"col-xs-12 col-md-6 \"><p>Nasz m\u0142yn to replika tego, kt\u00f3ry ju\u017c zosta\u0142 wspomniany w kronice 1850 roku, ale p\u00f3\u017aniej pad\u0142 ofiar\u0105 po\u017caru.<\/p>\n<p>W 2002 roku w\u0142a\u015bcicielka Hannelore Motzek otworzy\u0142a restauracj\u0119 &#8222;Zur Kr\u00e4uterm\u00fchle&#8221; wraz z pi\u0119cioma pokojami. W 2007 roku w tym samym miejscu pojawi\u0142y si\u0119 miejsca noclegowe Kr\u00e4uterscheune i kolejne dziesi\u0119\u0107 pokoi. Od 2017 r. W\u0142a\u015bcicielka zosta\u0142a wsparta przez syna Roberta, kt\u00f3ry powr\u00f3ci\u0142 do Spreewald, aby kontynuowa\u0107 rodzinn\u0105 dzia\u0142alno\u015b\u0107 w nast\u0119pnym pokoleniu.<\/p>\n<\/div><div class=\"col-xs-12 col-md-6 \"><p><img loading=\"lazy\" decoding=\"async\" class=\"alignnone size-full wp-image-534\" src=\"https:\/\/www.kraeutermuehlenhof.de\/wp-content\/uploads\/2017\/06\/kachel_unternehmen_1.avif\" alt=\"\" width=\"3152\" height=\"2362\" \/><\/p>\n<\/div><\/div>\n<h2 style=\"text-align: center;\"><span style=\"color: #63a70a;\"><\/span><span style=\"color: #63a70a;\">Nasz zesp\u00f3\u0142<\/span><\/h2>\n<\/p>\n<h2 class=\"p1 text-brown\" style=\"text-align: center;\"><span style=\"color: #8e8281;\">W gospodarstwie Kr\u00e4uterm\u00fchlenhof \u2013\u00a0czyli w Zielnym M\u0142ynie \u2013\u00a0pracuj\u0105 kobiety i m\u0119\u017cczy\u017ani r\u00f3\u017cnych narodowo\u015bci i w r\u00f3\u017cnym wieku. Chcemy, by wszyscy oni znajdowali w swojej pracy wiele rado\u015bci.<\/span><\/h2>\n<\/p>\n<div class=\"row column-row shortcode-row\"><div class=\"col-xs-12 col-md-6 \"><p><img loading=\"lazy\" decoding=\"async\" class=\"alignnone size-full wp-image-534\" src=\"https:\/\/www.kraeutermuehlenhof.de\/wp-content\/uploads\/2017\/06\/kachel_unternehmen_2.avif\" alt=\"\" width=\"3152\" height=\"2362\" \/><\/p>\n<\/div><div class=\"col-xs-12 col-md-6 \"><p>Nie oszukujmy si\u0119: w Zielnym M\u0142ynie najwi\u0119cej pracy jest w\u0142a\u015bnie wtedy, gdy nasi go\u015bcie ciesz\u0105 si\u0119 urlopem lub wolnym wieczorem. Wymaga to od naszych pracownik\u00f3w najwy\u017cszej uwagi wieczorami i w czasie weekend\u00f3w czy \u015bwi\u0105t.<\/p>\n<p>Tak\u017ce w takich sytuacjach praca mo\u017ce sprawia\u0107 przyjemno\u015b\u0107, gdy wszyscy sprawnie wsp\u00f3\u0142pracuj\u0105 i wzajemnie si\u0119 wspieraj\u0105. W Zielnym M\u0142ynie razem wygrywamy i razem przegrywamy. I nie chcemy nigdy powtarza\u0107 tych samych b\u0142\u0119d\u00f3w. Szukamy uczciwych i niezawodnych cz\u0142onk\u00f3w zespo\u0142u, kt\u00f3rzy nie rzucaj\u0105 s\u0142\u00f3w na wiatr.<\/p>\n<\/div><\/div>\n<h2 style=\"text-align: center;\"><span style=\"color: #63a70a;\"><\/span><span style=\"color: #63a70a;\">Stanowiska pracy<\/span><\/h2>\n<\/p>\n<div class=\"row column-row shortcode-row\">\n<div class=\"col-xs-12 col-md-4 \"><p><span style=\"color: #63a70a;\">od zaraz<\/span><br \/>\n<strong><span style=\"color: #63a70a;\">kucharz\/kucharka<br \/>\n<\/span><\/strong><span style=\"text-decoration: underline;\"><a href=\"https:\/\/www.kraeutermuehlenhof.de\/wp-content\/uploads\/2019\/02\/190216-KUCHARZ_KUCHARKA.pdf\" target=\"_blank\" rel=\"noopener noreferrer\">szczeg\u00f3\u0142owy opis stanowiska<\/a><\/span><\/p>\n<p><strong><\/strong><span style=\"color: #63a70a;\"><\/span><\/p>\n<\/div>\n<div class=\"col-xs-12 col-md-4 \"><p><span style=\"color: #63a70a;\">od zaraz<\/span><br \/>\n<strong><span style=\"color: #63a70a;\">kelner\/kelnerka<br \/>\n<\/span><\/strong><span style=\"text-decoration: underline;\"><a href=\"https:\/\/www.kraeutermuehlenhof.de\/wp-content\/uploads\/2019\/02\/190216-KELNER-KELNERKA.pdf\" target=\"_blank\" rel=\"noopener noreferrer\">szczeg\u00f3\u0142owy opis stanowiska<\/a><\/span><\/p>\n<\/div>\n<div class=\"col-xs-12 col-md-4 \"><p><span style=\"color: #63a70a;\">od zaraz<\/span><br \/>\n<strong><span style=\"color: #63a70a;\">pokoj\u00f3wka i serwis \u015bniadaniowy<br \/>\n<\/span><\/strong><span style=\"text-decoration: underline;\"><a href=\"https:\/\/www.kraeutermuehlenhof.de\/wp-content\/uploads\/2019\/02\/190216-POKOJ\u00d3WKA-I-SERWIS-\u015aNIADANIOWY.pdf\" target=\"_blank\" rel=\"noopener noreferrer\">szczeg\u00f3\u0142owy opis stanowiska<\/a><\/span><\/p>\n<p><strong><\/strong><span style=\"color: #63a70a;\"><\/span><\/p>\n<\/div><\/div>\n<div class=\"row column-row shortcode-row\">\n<div class=\"col-xs-12 col-md-4 \"><p><span style=\"color: #63a70a;\">od zaraz<\/span><br \/>\n<strong><span style=\"color: #63a70a;\">pomoc kuchenna<br \/>\n<\/span><\/strong><span style=\"text-decoration: underline;\"><a href=\"https:\/\/www.kraeutermuehlenhof.de\/wp-content\/uploads\/2019\/04\/190429-POMOC-KUCHENNA.pdf\" target=\"_blank\" rel=\"noopener noreferrer\">szczeg\u00f3\u0142owy opis stanowiska<\/a><\/span><\/p>\n<\/div>\n<div class=\"col-xs-12 col-md-4 \"><p><span style=\"color: #63a70a;\"><span>od zaraz<\/span><\/span><br \/>\n<strong><span style=\"color: #63a70a;\">ucze\u0144\/uczennica w zawodzie kucharza<br \/>\n<\/span><\/strong><span style=\"text-decoration: underline;\"><a href=\"https:\/\/www.kraeutermuehlenhof.de\/wp-content\/uploads\/2018\/02\/180227-AUSBILDUNG-ZUM-KOCH_K\u00d6CHIN.pdf\" target=\"_blank\" rel=\"noopener noreferrer\">szczeg\u00f3\u0142owy opis stanowiska<\/a><\/span><\/p>\n<p><strong><\/strong><span style=\"color: #63a70a;\"><\/span><\/p>\n<\/div>\n<div class=\"col-xs-12 col-md-4 \"><p><span style=\"color: #63a70a;\">od zaraz<\/span><br \/>\n<strong><span style=\"color: #63a70a;\">ucze\u0144\/uczennica w zawodzie specjalisty restauratora<br \/>\n<\/span><\/strong><span style=\"text-decoration: underline;\"><a href=\"https:\/\/www.kraeutermuehlenhof.de\/wp-content\/uploads\/2018\/02\/180227-AUSBILDUNG-ZUM-RESTAURANTFACHMANN_FRAU.pdf\" target=\"_blank\" rel=\"noopener noreferrer\">szczeg\u00f3\u0142owy opis stanowiska<\/a><\/span><\/p>\n<p><strong><\/strong><span style=\"color: #63a70a;\"><\/span><\/p>\n<\/div><\/div>\n<\/p>\n<p style=\"text-align: center;\"><strong>W razie zainteresowania prosimy o przes\u0142anie dokument\u00f3w aplikacyjnych na nast\u0119puj\u0105cy adres:<\/strong><\/p>\n<p style=\"text-align: center;\"><span>Kr\u00e4utermu\u0308hlenhof Burg (Spreewald)<\/span><br \/>\n<span>Kurparkstra\u00dfe 7b\u2013c<\/span><br \/>\n<span>03096 Burg (Spreewald)<br \/>\n<span style=\"text-decoration: underline;\"><a href=\"mailto:robert.motzek@kraeutermuehlenhof.de\">robert.motzek@kraeutermuehlenhof.de<\/a><\/span><\/span><\/p><\/p>\n","protected":false},"excerpt":{"rendered":"<p>OTO MY \u2013\u00a0KR\u00c4UTERM\u00dcHLENHOF BURG (SPREEWALD) Styl w jakim zosta\u0142 wybudowany nasz rodzinny biznes jest typowy dla Spreewald. Nasza historia Nasz&#8230;<\/p>\n","protected":false},"author":6,"featured_media":0,"parent":0,"menu_order":7,"comment_status":"closed","ping_status":"closed","template":"","meta":{"footnotes":""},"class_list":["post-7625","page","type-page","status-publish","hentry"],"_links":{"self":[{"href":"https:\/\/www.kraeutermuehlenhof.de\/pl\/wp-json\/wp\/v2\/pages\/7625","targetHints":{"allow":["GET"]}}],"collection":[{"href":"https:\/\/www.kraeutermuehlenhof.de\/pl\/wp-json\/wp\/v2\/pages"}],"about":[{"href":"https:\/\/www.kraeutermuehlenhof.de\/pl\/wp-json\/wp\/v2\/types\/page"}],"author":[{"embeddable":true,"href":"https:\/\/www.kraeutermuehlenhof.de\/pl\/wp-json\/wp\/v2\/users\/6"}],"replies":[{"embeddable":true,"href":"https:\/\/www.kraeutermuehlenhof.de\/pl\/wp-json\/wp\/v2\/comments?post=7625"}],"version-history":[{"count":3,"href":"https:\/\/www.kraeutermuehlenhof.de\/pl\/wp-json\/wp\/v2\/pages\/7625\/revisions"}],"predecessor-version":[{"id":8170,"href":"https:\/\/www.kraeutermuehlenhof.de\/pl\/wp-json\/wp\/v2\/pages\/7625\/revisions\/8170"}],"wp:attachment":[{"href":"https:\/\/www.kraeutermuehlenhof.de\/pl\/wp-json\/wp\/v2\/media?parent=7625"}],"curies":[{"name":"wp","href":"https:\/\/api.w.org\/{rel}","templated":true}]}}