{"id":7621,"date":"2017-04-20T13:09:05","date_gmt":"2017-04-20T11:09:05","guid":{"rendered":"https:\/\/www.kraeutermuehlenhof.de\/?page_id=7621"},"modified":"2022-12-19T17:24:44","modified_gmt":"2022-12-19T16:24:44","slug":"imprezy-firmowe","status":"publish","type":"page","link":"https:\/\/www.kraeutermuehlenhof.de\/pl\/imprezy-firmowe\/","title":{"rendered":"Imprezy firmowe"},"content":{"rendered":"<div id=\"header-container\" style=\"background-image: url('https:\/\/www.kraeutermuehlenhof.de\/wp-content\/uploads\/2017\/06\/slider_veranstaltungen_2_opt.jpg');\"><\/div>\n<h1 style=\"text-align: center;\"><span style=\"color: #63a70a;\"><strong>IMPREZY FIRMOWE<\/strong><\/span><\/h1>\n<p>&nbsp;<\/p>\n<h2 class=\"text-brown text-center\">\u0141\u0105czymy przyjemne z po\u017cytecznym! Po\u0142o\u017cony z dala od codziennego zgie\u0142ku Spreewald zapewnia idealn\u0105 mo\u017cliwo\u015b\u0107 przewietrzenia g\u0142owy razem z kolegami<\/h2>\n<p>&nbsp;<\/p>\n<p><img loading=\"lazy\" decoding=\"async\" class=\"alignnone size-full wp-image-479\" src=\"https:\/\/www.kraeutermuehlenhof.de\/wp-content\/uploads\/2017\/04\/Feiern_6.avif\" alt=\"\" width=\"1356\" height=\"792\" \/><\/p>\n<p>&nbsp;<\/p>\n<div class=\"row column-row shortcode-row\"><div class=\"col-xs-12 col-md-6 \"><p>Imprezy firmowa zorganizowana w zrelaksowanej atmosferze naszego magazynu zielnego umo\u017cliwi przedyskutowanie wszystkich pomys\u0142\u00f3w w gronie do 150 uczestnik\u00f3w.<\/p>\n<p>Organizujemy te\u017c dzia\u0142ania integracyjne i programy rozrywkowe na czas wyjazdu firmowego do Spreewaldu. Dbamy te\u017c oczywi\u015bcie o komfort cielesny uczestnik\u00f3w!<\/p>\n<\/div><div class=\"col-xs-12 col-md-6 \"><p><strong><span style=\"color: #63a70a;\">Nasze \u015bwiadczenia<\/span><\/strong><\/p>\n<p><span style=\"color: #63a70a;\">potrawy i napoje (obiad, podwieczorek, bufet skandynawski lub menu kolacyjne)<br \/>\n meble i zaopatrzenie konferencyjne<br \/>\n technika konferencyjna z projektorem, ekranem, sieci\u0105 WiFi i tablic\u0105<br \/>\n przeja\u017cd\u017cki kajakowe i w\u0119dr\u00f3wki rowerowe<br \/>\n dzia\u0142ania integracyjne (np. wycieczki \u0142odziami wios\u0142owymi, strzelanie z \u0142uku, w\u0119dr\u00f3wki z zagadkami)<br \/>\n rozrywka (np. DJ, zesp\u00f3\u0142 folklorystyczny lub kabaret)<\/span><\/p>\n<\/div><\/div>\n","protected":false},"excerpt":{"rendered":"<p>IMPREZY FIRMOWE &nbsp; \u0141\u0105czymy przyjemne z po\u017cytecznym! Po\u0142o\u017cony z dala od codziennego zgie\u0142ku Spreewald zapewnia idealn\u0105 mo\u017cliwo\u015b\u0107 przewietrzenia g\u0142owy razem&#8230;<\/p>\n","protected":false},"author":6,"featured_media":0,"parent":0,"menu_order":6,"comment_status":"closed","ping_status":"closed","template":"","meta":{"footnotes":""},"class_list":["post-7621","page","type-page","status-publish","hentry"],"_links":{"self":[{"href":"https:\/\/www.kraeutermuehlenhof.de\/pl\/wp-json\/wp\/v2\/pages\/7621","targetHints":{"allow":["GET"]}}],"collection":[{"href":"https:\/\/www.kraeutermuehlenhof.de\/pl\/wp-json\/wp\/v2\/pages"}],"about":[{"href":"https:\/\/www.kraeutermuehlenhof.de\/pl\/wp-json\/wp\/v2\/types\/page"}],"author":[{"embeddable":true,"href":"https:\/\/www.kraeutermuehlenhof.de\/pl\/wp-json\/wp\/v2\/users\/6"}],"replies":[{"embeddable":true,"href":"https:\/\/www.kraeutermuehlenhof.de\/pl\/wp-json\/wp\/v2\/comments?post=7621"}],"version-history":[{"count":2,"href":"https:\/\/www.kraeutermuehlenhof.de\/pl\/wp-json\/wp\/v2\/pages\/7621\/revisions"}],"predecessor-version":[{"id":8169,"href":"https:\/\/www.kraeutermuehlenhof.de\/pl\/wp-json\/wp\/v2\/pages\/7621\/revisions\/8169"}],"wp:attachment":[{"href":"https:\/\/www.kraeutermuehlenhof.de\/pl\/wp-json\/wp\/v2\/media?parent=7621"}],"curies":[{"name":"wp","href":"https:\/\/api.w.org\/{rel}","templated":true}]}}