{"id":7617,"date":"2017-04-20T13:09:05","date_gmt":"2017-04-20T11:09:05","guid":{"rendered":"https:\/\/www.kraeutermuehlenhof.de\/?page_id=7617"},"modified":"2023-01-04T18:31:21","modified_gmt":"2023-01-04T17:31:21","slug":"grupy-turystyczne","status":"publish","type":"page","link":"https:\/\/www.kraeutermuehlenhof.de\/pl\/grupy-turystyczne\/","title":{"rendered":"Grupy turystyczne"},"content":{"rendered":"<div id=\"header-container\" style=\"background-image: url('https:\/\/www.kraeutermuehlenhof.de\/wp-content\/uploads\/2020\/04\/200406-Festscheune-1920.jpg');\">\n<\/div>\n<h1 style=\"text-align: center;\"><span style=\"color: #63a70a;\"><strong>PODR\u00d3\u017bE GRUPOWE <br \/>\n DO SPREEWALDU<\/strong><\/span><\/h1>\n<p>&nbsp;<\/p>\n<h2 class=\"p1 text-brown\" style=\"text-align: center;\"><span style=\"color: #8e8281;\">Podr\u00f3\u017c do Spreewaldu w grupie? \u015awietny pomys\u0142! W magazynie zielnym znajdzie si\u0119 miejsce dla nawet 150 os\u00f3b! Organizujemy pe\u0142ne ca\u0142odzienne zaprowiantowanie lub pojedyncze posi\u0142ki.<\/span><\/h2>\n<div class=\"row column-row shortcode-row\">\n <div class=\"col-xs-12 col-md-12 \"><p>\u00a0<a class=\"btn btn-green\" href=\"https:\/\/www.kraeutermuehlenhof.de\/pl\/kontakt\/\">Kontakt<\/a><\/p>\n<\/div>\n <\/div>\n<div class=\"row column-row shortcode-row\"><div class=\"col-xs-12 col-md-6 \"><p><img loading=\"lazy\" decoding=\"async\" class=\"alignnone size-full wp-image-524\" src=\"https:\/\/www.kraeutermuehlenhof.de\/wp-content\/uploads\/2017\/06\/kachel_reisegruppen_1.avif\" alt=\"\" width=\"4165\" height=\"3130\" \/><\/p>\n<\/div><div class=\"col-xs-12 col-md-6 \"><p>Nasze ca\u0142odzienne menu <span style=\"text-decoration: underline;\"><a href=\"https:\/\/www.kraeutermuehlenhof.de\/wp-content\/uploads\/2019\/11\/181022-Spreewaldklassiker-auf-dem-Kr\u00e4uterm\u00fchlenhof-Burg-2020.pdf\" target=\"_blank\" rel=\"noopener noreferrer\">\u201eKlasyka Spreewaldu w magazynie zielnym\u201d<\/a><\/span> \u0142\u0105czy degustacj\u0119 og\u00f3rk\u00f3w, obiad, przeja\u017cd\u017ck\u0119 kajakow\u0105, program artystyczny i podwieczorek z licznymi miejscowymi atrakcjami.<\/p>\n<p>W okresie bo\u017conarodzeniowym oferujemy dodatkowo <span style=\"text-decoration: underline;\"><a href=\"https:\/\/www.kraeutermuehlenhof.de\/wp-content\/uploads\/2019\/12\/191119-Spreew\u00e4lder-Adventssingen-mit-Schokoladenverkostung.pdf\" target=\"_blank\" rel=\"noopener noreferrer\">\u201eSpreewaldzki adwent w magazynie zielnym\u201d<\/a><\/span> ze strucl\u0105 bo\u017conarodzeniow\u0105 i przeja\u017cd\u017ck\u0105 kajakow\u0105 wraz z pocz\u0119stunkiem grzanym winem. Oferujemy te\u017c dodatkowe programy na sezon zbioru szparag\u00f3w, w\u0119dr\u00f3wki rowerowe z przewodnikiem i wycieczki po sercu Spreewaldu. Jeste\u015bmy te\u017c do dyspozycji jako elastyczny organizator obiad\u00f3w, podwieczork\u00f3w i kolacji.<\/p>\n<\/div><\/div>\n<h2 style=\"text-align: center;\"><span style=\"color: #8e8281;\">Klasyka Spreewaldu w magazynie zielnym<\/span><\/h2>\n<p>&nbsp;<\/p>\n<div class=\"row column-row shortcode-row\"><div class=\"col-xs-12 col-md-6 \"><p>Zapraszamy do sp\u0119dzenia dnia pe\u0142nego Spreewaldzkich orygina\u0142\u00f3w w sercu miejscowo\u015bci Burg! Zaczynamy o degustacji og\u00f3rk\u00f3w i typowego spreewaldzkiego obiadu w naszym przytulnym magazynie zielnym na skraju parku uzdrowiskowego. P\u00f3\u017aniej go\u015bcie beztrosko \u015blizgaj\u0105 si\u0119 w kajakach przez unikaln\u0105 przyrod\u0119 Spreewaldu. Pobyt uzupe\u0142nia podwieczorek i wyst\u0119p \u0142u\u017cyckiego zespo\u0142u folklorystycznego <span style=\"text-decoration: underline;\"><a href=\"https:\/\/www.drjewjanki.de\/\" target=\"_blank\" rel=\"noopener noreferrer\">Drjewjanki<\/a><\/span>.\u00a0<\/p>\n<p>Szczeg\u00f3\u0142owe informacje o punktach programu i wyb\u00f3r menu obiadowych i podwieczork\u00f3w mo\u017cna znale\u017a\u0107 w naszej <span style=\"text-decoration: underline;\"><a href=\"https:\/\/www.kraeutermuehlenhof.de\/wp-content\/uploads\/2019\/11\/181022-Spreewaldklassiker-auf-dem-Kr\u00e4uterm\u00fchlenhof-Burg-2020.pdf\" target=\"_blank\" rel=\"noopener noreferrer\">broszurze<\/a><\/span>. Rezerwacja programu jest mo\u017cliwa przez ca\u0142y rokdla co najmniej 40 uczestnik\u00f3w. Je\u017celi grupa jest mniejsza ni\u017c 40 os\u00f3b, mo\u017cemy w ka\u017cdej chwili zaproponowa\u0107 alternatywny program!<\/p>\n<\/div><div class=\"col-xs-12 col-md-6 \"><p><strong><span style=\"color: #63a70a;\">Programm<\/span><\/strong><\/p>\n<p><span style=\"color: #63a70a;\">11:00 \u2013 jednogodzinna przeja\u017cd\u017cka kajakiem z portu na Szprewie w Burg (po\u0142o\u017conego w odleg\u0142o\u015bci 500 metr\u00f3w od gospodarstwa Kr\u00e4uterm\u00fchlenhof, przej\u015bcie piechot\u0105)<\/span><\/p>\n<p><span style=\"color: #63a70a;\">12:15 \u2013 powitanie z degustacj\u0105 og\u00f3rk\u00f3w spreewaldzkich w gospodarstwie Kr\u00e4uterm\u00fchlenhof<\/span><\/p>\n<p><span style=\"color: #63a70a;\">12:30 \u2013 typowy spreewaldzki obiad<\/span><\/p>\n<p><span style=\"color: #63a70a;\">14:00 \u2013 jednogodzinny program artystyczny \u0142u\u017cyckiego zespo\u0142u folklorystycznego \u201eDrjewjanki\u201d<\/span><\/p>\n<p><span style=\"color: #63a70a;\">15:30 \u2013 podwieczorek z kaw\u0105 i \u015bwie\u017cymi \u0142u\u017cyckimi p\u0105czkami lub ciastem w gospodarstwie Kr\u00e4uterm\u00fchlenhof<\/span><\/p>\n<p><span style=\"color: #63a70a;\">16:30 \u2013 po\u017cegnanie i powr\u00f3t<\/span><\/p>\n<p><span style=\"color: #63a70a;\"><strong>Cena pe\u0142nego pakietu<\/strong>: 33,90 \u20ac na osob\u0119<\/span><\/p>\n<\/div><\/div>\n<h2 style=\"text-align: center;\"><span style=\"color: #8e8281;\"><\/span><\/h2>\n","protected":false},"excerpt":{"rendered":"<p>PODR\u00d3\u017bE GRUPOWE DO SPREEWALDU &nbsp; Podr\u00f3\u017c do Spreewaldu w grupie? \u015awietny pomys\u0142! W magazynie zielnym znajdzie si\u0119 miejsce dla nawet&#8230;<\/p>\n","protected":false},"author":6,"featured_media":0,"parent":0,"menu_order":5,"comment_status":"closed","ping_status":"closed","template":"","meta":{"footnotes":""},"class_list":["post-7617","page","type-page","status-publish","hentry"],"_links":{"self":[{"href":"https:\/\/www.kraeutermuehlenhof.de\/pl\/wp-json\/wp\/v2\/pages\/7617","targetHints":{"allow":["GET"]}}],"collection":[{"href":"https:\/\/www.kraeutermuehlenhof.de\/pl\/wp-json\/wp\/v2\/pages"}],"about":[{"href":"https:\/\/www.kraeutermuehlenhof.de\/pl\/wp-json\/wp\/v2\/types\/page"}],"author":[{"embeddable":true,"href":"https:\/\/www.kraeutermuehlenhof.de\/pl\/wp-json\/wp\/v2\/users\/6"}],"replies":[{"embeddable":true,"href":"https:\/\/www.kraeutermuehlenhof.de\/pl\/wp-json\/wp\/v2\/comments?post=7617"}],"version-history":[{"count":6,"href":"https:\/\/www.kraeutermuehlenhof.de\/pl\/wp-json\/wp\/v2\/pages\/7617\/revisions"}],"predecessor-version":[{"id":8388,"href":"https:\/\/www.kraeutermuehlenhof.de\/pl\/wp-json\/wp\/v2\/pages\/7617\/revisions\/8388"}],"wp:attachment":[{"href":"https:\/\/www.kraeutermuehlenhof.de\/pl\/wp-json\/wp\/v2\/media?parent=7617"}],"curies":[{"name":"wp","href":"https:\/\/api.w.org\/{rel}","templated":true}]}}