{"id":7613,"date":"2017-04-25T16:34:16","date_gmt":"2017-04-25T14:34:16","guid":{"rendered":"https:\/\/www.kraeutermuehlenhof.de\/?page_id=7613"},"modified":"2023-01-04T18:31:15","modified_gmt":"2023-01-04T17:31:15","slug":"nocleg","status":"publish","type":"page","link":"https:\/\/www.kraeutermuehlenhof.de\/pl\/nocleg\/","title":{"rendered":"Nocleg"},"content":{"rendered":"<div id=\"header-container\" style=\"background-image: url('https:\/\/www.kraeutermuehlenhof.de\/wp-content\/uploads\/2021\/04\/Pension_5271-scaled-e1619373281666.jpg');\">\n<\/div>\n<h1 style=\"text-align: center;\"><span style=\"color: #63a70a;\">PENSJONAT I MIESZKANIA LETNISTKOWE<\/span><\/h1>\n<\/p>\n<h2 class=\"p1 text-brown\" style=\"text-align: center;\"><span style=\"color: #8e8281;\">Zapraszamy na nocleg w spokojnym, ale centralnie po\u0142o\u017conym pensjonacie\u00a0<\/span><span style=\"color: #8e8281;\">\u201eKr\u00e4uterm\u00fchlenhof\u201d\u00a0<\/span><span style=\"color: #8e8281;\">przy samym parku uzdrowiskowo-tematycznym \u2013 albo pobyt w wygodnych mieszkaniach letniskowych\u00a0<\/span><span style=\"color: #8e8281;\">\u201eSpreew\u00e4lder Auszeit\u201d <\/span><span style=\"color: #8e8281;\">w osadzie Burg.<\/span><\/h2>\n<div class=\"row column-row shortcode-row\">\n<div class=\"col-xs-12 col-md-6 \"><p>\u00a0<a class=\"btn btn-green\" href=\"https:\/\/onepagebooking.com\/kraeutermuehlenhof\" target=\"_blank\" rel=\"noopener\">Zarezerwuj pobyt<\/a><\/p>\n<\/div>\n<div class=\"col-xs-12 col-md-6 \"><p>\u00a0<a class=\"btn btn-green\" href=\"https:\/\/www.kraeutermuehlenhof.de\/pl\/kontakt\/\">Kontakt<\/a><\/p>\n<\/div>\n<\/div>\n<div class=\"row column-row shortcode-row\"><div class=\"col-xs-12 col-md-6 \"><p><img loading=\"lazy\" decoding=\"async\" class=\"alignnone wp-image-342 size-full\" src=\"https:\/\/www.kraeutermuehlenhof.de\/wp-content\/uploads\/2017\/06\/kachel_uebernachtung_1.avif\" alt=\"\" width=\"842\" height=\"667\" \/><\/p>\n<\/div><div class=\"col-xs-12 col-md-6 \"><p>Ka\u017cdy z 15 urz\u0105dzonych w stylu wiejskiego dworku dwuosobowych pokoj\u00f3w naszego pensjonatu posiada toalet\u0119, prysznic, telewizor plazmowy, WiFi i lod\u00f3wk\u0119 oraz znajduje si\u0119 bezpo\u015brednio obok parku uzdrowiskowo-tematycznego w Burg. Wystarczy kr\u00f3tki spacer, aby dotrze\u0107 st\u0105d do portu nad Szprew\u0105 i basen\u00f3w termalnych Spreewald-Therme. Obiekt dysponuje bezp\u0142atnymi miejscami parkingowymi dla samochod\u00f3w i rower\u00f3w. Ch\u0119tnie rezerwujemy dla naszych go\u015bci kajaki, \u0142odzie wios\u0142owe i bilety na baseny Spreewald-Therme. Nasz obiekt nie jest niestety przystosowany do pobytu zwierz\u0105t domowych.<\/p>\n<p>Opr\u00f3cz centralnie po\u0142o\u017conego pensjonatu firma Kr\u00e4uterm\u00fchlenhof oferuje te\u017c mo\u017cliwo\u015b\u0107 odpoczynku w trzech komfortowo urz\u0105dzonych mieszkaniach letniskowych po\u0142o\u017conych na obrze\u017cach miejscowo\u015bci Burg (Spreewald).<\/p>\n<\/div><\/div>\n","protected":false},"excerpt":{"rendered":"<p>PENSJONAT I MIESZKANIA LETNISTKOWE Zapraszamy na nocleg w spokojnym, ale centralnie po\u0142o\u017conym pensjonacie\u00a0\u201eKr\u00e4uterm\u00fchlenhof\u201d\u00a0przy samym parku uzdrowiskowo-tematycznym \u2013 albo pobyt w&#8230;<\/p>\n","protected":false},"author":6,"featured_media":0,"parent":0,"menu_order":3,"comment_status":"closed","ping_status":"closed","template":"","meta":{"footnotes":""},"class_list":["post-7613","page","type-page","status-publish","hentry"],"_links":{"self":[{"href":"https:\/\/www.kraeutermuehlenhof.de\/pl\/wp-json\/wp\/v2\/pages\/7613","targetHints":{"allow":["GET"]}}],"collection":[{"href":"https:\/\/www.kraeutermuehlenhof.de\/pl\/wp-json\/wp\/v2\/pages"}],"about":[{"href":"https:\/\/www.kraeutermuehlenhof.de\/pl\/wp-json\/wp\/v2\/types\/page"}],"author":[{"embeddable":true,"href":"https:\/\/www.kraeutermuehlenhof.de\/pl\/wp-json\/wp\/v2\/users\/6"}],"replies":[{"embeddable":true,"href":"https:\/\/www.kraeutermuehlenhof.de\/pl\/wp-json\/wp\/v2\/comments?post=7613"}],"version-history":[{"count":4,"href":"https:\/\/www.kraeutermuehlenhof.de\/pl\/wp-json\/wp\/v2\/pages\/7613\/revisions"}],"predecessor-version":[{"id":8390,"href":"https:\/\/www.kraeutermuehlenhof.de\/pl\/wp-json\/wp\/v2\/pages\/7613\/revisions\/8390"}],"wp:attachment":[{"href":"https:\/\/www.kraeutermuehlenhof.de\/pl\/wp-json\/wp\/v2\/media?parent=7613"}],"curies":[{"name":"wp","href":"https:\/\/api.w.org\/{rel}","templated":true}]}}