{"id":7607,"date":"2017-04-20T13:09:05","date_gmt":"2017-04-20T11:09:05","guid":{"rendered":"https:\/\/www.kraeutermuehlenhof.de\/?page_id=7607"},"modified":"2023-01-11T08:43:55","modified_gmt":"2023-01-11T07:43:55","slug":"restauracja","status":"publish","type":"page","link":"https:\/\/www.kraeutermuehlenhof.de\/pl\/restauracja\/","title":{"rendered":"Restauracja \u201eZur Kr\u00e4uterm\u00fchle\u201c"},"content":{"rendered":"<div id=\"header-container\" style=\"background-image: url('https:\/\/www.kraeutermuehlenhof.de\/wp-content\/uploads\/2020\/04\/200406-Restaurant-1920x.jpg');\"><\/div>\n<h1 style=\"text-align: center;\">RESTAURACJA<br \/>\n &#8222;ZUR KR\u00c4UTERM\u00dcHLE&#8221; \u2013\u00a0POD ZIELNYM M\u0141YNEM<\/h1>\n<p>&nbsp;<\/p>\n<h2 class=\"text-brown text-center\">Bogata w zio\u0142a i przyprawy, tradycyjna kuchnia w sercu uzdrowiska Burg (Spreewald). Specjalnie dla naszych go\u015bci tworzymy na nowo klasyczne potrawy z regionalnych sk\u0142adnik\u00f3w.<\/h2>\n<p>&nbsp;<\/p>\n<div class=\"row column-row shortcode-row\"><a class=\"btn btn-green\" href=\"https:\/\/www.gastronavi.de\/restaurants\/21402\/reservierung\/widget?companyRoute=1#1\" target=\"_blank\" rel=\"noopener noreferrer\">Zarezerwuj st\u00f3\u0142<\/a><\/div>\n<p>&nbsp;<\/p>\n<p><img decoding=\"async\" src=\"https:\/\/www.kraeutermuehlenhof.de\/wp-content\/uploads\/biergarten.avif\" \/><\/p>\n<p>&nbsp;<\/p>\n<div class=\"row column-row shortcode-row\">Menu naszej restauracji zmienia si\u0119 wraz z porami roku. Nasza kuchnia nastawia si\u0119 przy tym zawsze na produkty oferowane przez miejscowych dostawc\u00f3w. Potrawy uzupe\u0142niaj\u0105 i uszlachetniaj\u0105 zio\u0142a z naszego ogrodu.<\/p>\n<p>100 miejsc wewn\u0105trz budynku obejmuje opr\u00f3cz obszernych sto\u0142\u00f3w w ogr\u00f3dku zimowym tak\u017ce komor\u0119 m\u0142y\u0144sk\u0105, z kt\u00f3rej go\u015bcie maj\u0105 bezpo\u015bredni widok na skrzyd\u0142a m\u0142yna zielnego. Przy \u0142adnej pogodzie dodatkowe 100 miejsc na dworze oferuje ogr\u00f3dek piwny po\u0142o\u017cony bezpo\u015brednio przy parku uzdrowiskowo-tematycznym w Burg.<\/p>\n<p>Chcemy okaza\u0107 szacunek naszemu malowniczemu otoczeniu regionalnymi potrawami, kt\u00f3re dost\u0119pne s\u0105 w takiej postaci tylko u nas. Zach\u0119camy do spr\u00f3bowania zimnej zupy og\u00f3rkowej, sznycli chrzanowych czy sma\u017conych ziemniak\u00f3w ze szczypiorkiem!<\/p>\n<p>&nbsp;<\/p>\n<p><img decoding=\"async\" src=\"https:\/\/www.kraeutermuehlenhof.de\/wp-content\/uploads\/2021\/06\/restaurant-zur-kraeutermuehle-burg-spreewald.avif\" \/><\/p>\n<p>&nbsp;<\/p>\n<\/div>\n","protected":false},"excerpt":{"rendered":"<p>RESTAURACJA &#8222;ZUR KR\u00c4UTERM\u00dcHLE&#8221; \u2013\u00a0POD ZIELNYM M\u0141YNEM &nbsp; Bogata w zio\u0142a i przyprawy, tradycyjna kuchnia w sercu uzdrowiska Burg (Spreewald). Specjalnie&#8230;<\/p>\n","protected":false},"author":6,"featured_media":0,"parent":0,"menu_order":2,"comment_status":"closed","ping_status":"closed","template":"","meta":{"footnotes":""},"class_list":["post-7607","page","type-page","status-publish","hentry"],"_links":{"self":[{"href":"https:\/\/www.kraeutermuehlenhof.de\/pl\/wp-json\/wp\/v2\/pages\/7607","targetHints":{"allow":["GET"]}}],"collection":[{"href":"https:\/\/www.kraeutermuehlenhof.de\/pl\/wp-json\/wp\/v2\/pages"}],"about":[{"href":"https:\/\/www.kraeutermuehlenhof.de\/pl\/wp-json\/wp\/v2\/types\/page"}],"author":[{"embeddable":true,"href":"https:\/\/www.kraeutermuehlenhof.de\/pl\/wp-json\/wp\/v2\/users\/6"}],"replies":[{"embeddable":true,"href":"https:\/\/www.kraeutermuehlenhof.de\/pl\/wp-json\/wp\/v2\/comments?post=7607"}],"version-history":[{"count":9,"href":"https:\/\/www.kraeutermuehlenhof.de\/pl\/wp-json\/wp\/v2\/pages\/7607\/revisions"}],"predecessor-version":[{"id":8578,"href":"https:\/\/www.kraeutermuehlenhof.de\/pl\/wp-json\/wp\/v2\/pages\/7607\/revisions\/8578"}],"wp:attachment":[{"href":"https:\/\/www.kraeutermuehlenhof.de\/pl\/wp-json\/wp\/v2\/media?parent=7607"}],"curies":[{"name":"wp","href":"https:\/\/api.w.org\/{rel}","templated":true}]}}