{"id":7603,"date":"2017-04-05T21:28:07","date_gmt":"2017-04-05T19:28:07","guid":{"rendered":"https:\/\/www.kraeutermuehlenhof.de\/?page_id=7603"},"modified":"2022-12-19T17:31:14","modified_gmt":"2022-12-19T16:31:14","slug":"witamy-w-spreewaldzie","status":"publish","type":"page","link":"https:\/\/www.kraeutermuehlenhof.de\/pl\/","title":{"rendered":"Witamy w Spreewaldzie"},"content":{"rendered":"<div id=\"header-container\" style=\"background-image: url('https:\/\/www.kraeutermuehlenhof.de\/wp-content\/uploads\/2019\/03\/betriebsausfug-slider-1.jpg');\">\n<h1>WITAMY W GOSPODARSTWIE KR\u00c4UTERM\u00dcHLENHOF BURG<\/h1>\n<\/div>\n<h1 style=\"text-align: center;\"><span style=\"color: #63a70a;\">WITAMY W SPREEWALDZIE <\/span><\/h1>\n<p>&nbsp;<\/p>\n<h2 style=\"text-align: center;\"><span style=\"color: #8e8281;\">Nasze gospodarstwo rodzinne, obejmuj\u0105ce restauracj\u0119, pensjonat i sal\u0119 imprezow\u0105, to wierna imitacja typowego niegdy\u015b dla teren\u00f3w Spreewaldu budynku przys\u0142upowego.<\/span><\/h2>\n<p>&nbsp;<\/p>\n<div class=\"row column-row shortcode-row\"><div class=\"col-xs-12 col-md-4\"><p><a class=\"btn btn-green\" href=\"https:\/\/onepagebooking.com\/kraeutermuehlenhof\" target=\"_blank\" rel=\"noopener\">Zarezerwuj pobyt<\/a><\/p>\n<\/div><div class=\"col-xs-12 col-md-4\"><p><a class=\"btn btn-green\" href=\"https:\/\/www.gastronavi.de\/restaurants\/21402\/reservierung\/widget?companyRoute=1#1\" target=\"_blank\" rel=\"noopener noreferrer\">Zarezerwuj st\u00f3\u0142<\/a><\/p>\n<\/div><div class=\"col-xs-12 col-md-4\"><p><a class=\"btn btn-green\" href=\"https:\/\/www.kraeutermuehlenhof.de\/newsletter\/\">Newsletter<\/a><\/p>\n<\/div><\/div>\n<div class=\"row column-row shortcode-row\"><div class=\"col-xs-12 col-md-4 \"><p><a class=\"image-container\" href=\"https:\/\/www.kraeutermuehlenhof.de\/pl\/restauracja\/\"><span class=\"image-image\" style=\"background-image: url('https:\/\/www.kraeutermuehlenhof.de\/wp-content\/uploads\/2017\/04\/Restaurant.jpg');\"><\/span><span class=\"image-text\">RESTAURACJA<\/span><\/a><\/p>\n<\/div><div class=\"col-xs-12 col-md-8 \"><p><a class=\"image-container\" href=\"https:\/\/www.kraeutermuehlenhof.de\/pl\/nocleg\/\"><span class=\"image-image\" style=\"background-image: url('https:\/\/www.kraeutermuehlenhof.de\/wp-content\/uploads\/2017\/04\/Pension.jpg');\"><\/span><span class=\"image-text\">NOCLEG<\/span><\/a><\/p>\n<\/div><\/div>\n<div class=\"row column-row shortcode-row\"><div class=\"col-xs-12 col-md-8 \"><p><a class=\"image-container\" href=\"\"><span class=\"image-image\" style=\"background-image: url('https:\/\/www.kraeutermuehlenhof.de\/wp-content\/uploads\/2017\/04\/Feiern.jpg');\"><\/span><span class=\"image-text\">UROCZYSTO\u015aCI<\/span><\/a><\/p>\n<\/div><div class=\"col-xs-12 col-md-4 \"><p><a class=\"image-container\" href=\"https:\/\/www.kraeutermuehlenhof.de\/pl\/grupy-turystyczne\/\"><span class=\"image-image\" style=\"background-image: url('https:\/\/www.kraeutermuehlenhof.de\/wp-content\/uploads\/2017\/06\/slider_gruppenreisen_6_opt.jpg');\"><\/span><span class=\"image-text\">GRUPY TURYSTYCZNE<\/span><\/a><\/p>\n<\/div><\/div>\n<div class=\"row column-row shortcode-row\"><div class=\"col-xs-12 col-md-6 \"><p><a class=\"image-container\" href=\"https:\/\/www.kraeutermuehlenhof.de\/pl\/imprezy-firmowe\/\"><span class=\"image-image\" style=\"background-image: url('https:\/\/www.kraeutermuehlenhof.de\/wp-content\/uploads\/2018\/07\/Weihnachtsfeier-im-Spreewald.jpg');\"><\/span><span class=\"image-text\">IMPREZY FIRMOWE<\/span><\/a><\/p>\n<\/div><div class=\"col-xs-12 col-md-6 \"><p><a class=\"image-container\" href=\"https:\/\/www.kraeutermuehlenhof.de\/pl\/nasza-firma\/\"><span class=\"image-image\" style=\"background-image: url('https:\/\/www.kraeutermuehlenhof.de\/wp-content\/uploads\/2017\/04\/Unternehmen.jpg');\"><\/span><span class=\"image-text\">NASZE PRZEDSI\u0118BIORSTWO<\/span><\/a><\/p>\n<\/div><\/div>\n","protected":false},"excerpt":{"rendered":"<p>WITAMY W GOSPODARSTWIE KR\u00c4UTERM\u00dcHLENHOF BURG WITAMY W SPREEWALDZIE &nbsp; Nasze gospodarstwo rodzinne, obejmuj\u0105ce restauracj\u0119, pensjonat i sal\u0119 imprezow\u0105, to wierna&#8230;<\/p>\n","protected":false},"author":6,"featured_media":0,"parent":0,"menu_order":1,"comment_status":"closed","ping_status":"closed","template":"","meta":{"footnotes":""},"class_list":["post-7603","page","type-page","status-publish","hentry"],"_links":{"self":[{"href":"https:\/\/www.kraeutermuehlenhof.de\/pl\/wp-json\/wp\/v2\/pages\/7603","targetHints":{"allow":["GET"]}}],"collection":[{"href":"https:\/\/www.kraeutermuehlenhof.de\/pl\/wp-json\/wp\/v2\/pages"}],"about":[{"href":"https:\/\/www.kraeutermuehlenhof.de\/pl\/wp-json\/wp\/v2\/types\/page"}],"author":[{"embeddable":true,"href":"https:\/\/www.kraeutermuehlenhof.de\/pl\/wp-json\/wp\/v2\/users\/6"}],"replies":[{"embeddable":true,"href":"https:\/\/www.kraeutermuehlenhof.de\/pl\/wp-json\/wp\/v2\/comments?post=7603"}],"version-history":[{"count":6,"href":"https:\/\/www.kraeutermuehlenhof.de\/pl\/wp-json\/wp\/v2\/pages\/7603\/revisions"}],"predecessor-version":[{"id":8172,"href":"https:\/\/www.kraeutermuehlenhof.de\/pl\/wp-json\/wp\/v2\/pages\/7603\/revisions\/8172"}],"wp:attachment":[{"href":"https:\/\/www.kraeutermuehlenhof.de\/pl\/wp-json\/wp\/v2\/media?parent=7603"}],"curies":[{"name":"wp","href":"https:\/\/api.w.org\/{rel}","templated":true}]}}