{"id":7645,"date":"2017-04-26T16:37:40","date_gmt":"2017-04-26T14:37:40","guid":{"rendered":"https:\/\/www.kraeutermuehlenhof.de\/?page_id=7645"},"modified":"2023-01-04T18:39:08","modified_gmt":"2023-01-04T17:39:08","slug":"gtc","status":"publish","type":"page","link":"https:\/\/www.kraeutermuehlenhof.de\/en\/gtc\/","title":{"rendered":"General terms &#038; conditions"},"content":{"rendered":"<h2 style=\"text-align: center;\"><span style=\"color: #8e8281;\">TERMS AND CONDITIONS FOR CONTRACTS REGARDING ACCOMMODATION AND EVENTS<\/span><\/h2>\n<p>&nbsp;<\/p>\n<p><span style=\"color: #000000;\"><div class=\"row column-row shortcode-row\"><\/div><div class=\"col-xs-12 col-md-6 \"><p> <\/span><span style=\"color: #000000;\"><strong>1. Scope of application<\/strong><\/span><\/p>\n<p><span style=\"color: #000000;\">1.1 \u2013 These terms and conditions apply to all contracts regarding the renting of rooms for accommodation and renting of conference, banquet and meeting rooms of the Kr\u00e4uterm\u00fchlenhof for the organization of activities such as celebrations, banquets, meetings and events as well as to further services and supplies provided by the Kr\u00e4uterm\u00fchlenhof to guests and organizers in this respect.<br \/>\n <\/span><\/p>\n<p>1.2 \u2013 Terms and conditions of the customer which deviate from our own ones shall only apply if agreed in advance.<\/p>\n<p><span style=\"color: #000000;\"><strong>2. Booking of a room \/ holiday home<\/strong><\/span><\/p>\n<p>2.1 \u2013 If an offer of the Kr\u00e4uterm\u00fchlenhof is ordered or accepted by the guest, a guest accommodation contract has been concluded.<\/p>\n<p>2.2 \u2013 The conclusion of the guest accommodation contract obliges the contracting parties for the entire duration of the contract to fulfill their mutual obligations.<\/p>\n<p>2.3 \u2013 It is the Kr\u00e4uterm\u00fchlenhof\u2018s obligation to keep the room \/ holiday home available according to the order.<\/p>\n<p>2.4 \u2013 It is the guest\u2019s obligation to pay the price for the time (duration) of the provision of the room \/ holiday home.<\/p>\n<p>2.5 \u2013 If a guest does not use the booked room \/ holiday home, he remains legally obliged to pay the price for the agreed service independent from the reason that prevented him from using the accommodation. Any actual savings incurred by the Kr\u00e4uterm\u00fchlenhof in that case will be deducted from the amount due.<\/p>\n<p>2.6 \u2013 The following cancellation terms apply: Cancellations can only be accepted in writing (also by e-mail) and require written confirmation by the Kr\u00e4uterm\u00fchlenhof. The cancellation fees are:<\/p>\n<p>a) For bookings of up to three rooms:<br \/>\n Up until 7 days prior to arrival: free of charge <br \/>\n Up until 2 days prior to arrival: 50% of the invoice amount <br \/>\n Less than 2 days prior to arrival: 90% of the invoice amount <br \/>\n No show without cancellation: 100% of the invoice amount<\/p>\n<p>b) For bookings of four and more rooms: <br \/>\n Up until 8 weeks prior to arrival: free of charge <br \/>\n Up until 2 weeks prior to arrival: 50% of the invoice amount <br \/>\n Less than 2 weeks prior to arrival: 100% of the invoice amount<\/p>\n<p>2.7 \u2013 Subleases of the rented rooms \/ holiday homes as well as usages for purposes other than accommodation are subject to the prior written consent of the Kr\u00e4uterm\u00fchlenhof.<\/p>\n<p>2.8 \u2013 The guest shall not be entitled to the usage of a certain specific room. Booked rooms are available to the guest on the agreed arrival day starting 2:00 pm. The customer is not entitled to any earlier usage of the room \/ holiday home. On the agreed day of departure, the guest agrees to leave the room \/ holiday home by 10:30 am latest.<\/p>\n<p>2.9 \u2013 The Kr\u00e4uterm\u00fchlenhof is entitled to withdraw from the contract for materially justifiable reasons, for example if:<\/p>\n<p>a) force majeure or other circumstances beyond the control of the Kr\u00e4uterm\u00fchlenhof make the fulfillment of the contract impossible<\/p>\n<p>b) rooms \/ holiday homes are booked using misleading or incorrect information, e.g. regarding the identity of the guest or purpose of stay<\/p>\n<p>c) the Kr\u00e4uterm\u00fchlenhof has reason to believe that the use of the accommodation may jeopardize the smooth operation, safety or reputation of the Kr\u00e4uterm\u00fchlenhof in public without being attributable to the sphere of influence of the Kr\u00e4uterm\u00fchlenhof.<\/p>\n<p>The Kr\u00e4uterm\u00fchlenhof has to inform the customer immediately in case of a withdrawal from the contract. In the event of a legitimate withdrawal by the Kr\u00e4uterm\u00fchlenhof, the guest shall not be entitled to any compensation for damages.<\/p>\n<p>2.10 \u2013 The Kr\u00e4uterm\u00fchlenhof has a claim for payment of all services before departure and accordingly a statutory right of lien on the guests&#8217; goods.<span style=\"color: #000000;\"><\/p>\n<\/div><div class=\"col-xs-12 col-md-6 \"><p> <\/span><strong style=\"color: #000000;\">3. Booking of an event<\/strong><\/p>\n<p>3.1 \u2013 If an offer of the Kr\u00e4uterm\u00fchlenhof is ordered or accepted by the organizer, a contract has been concluded.<\/p>\n<p>3.2 \u2013 If the customer is not the organizer himself, or if a commercial agent or service provider is contracted by the organizer, all parties involved are jointly liable for all obligations entered with regards to the contract.<\/p>\n<p>3.3 \u2013 Salaries for musicians and artists shall be covered directly by the organizer. The latter is also responsible for any fees charged by the GEMA.<\/p>\n<p>3.4 \u2013 The parties to this contract shall be liable for their respective obligations under the contract.<\/p>\n<p>a) For the Kr\u00e4uterm\u00fchlenhof, the liability is limited to deficiencies in services due to intent or gross negligence.<\/p>\n<p>b) The organizer is obligated to notify the Kr\u00e4uterm\u00fchlenhof in good time regarding the possibility of an exceptionally high damage. The organizer is liable for his obligations under the contract, especially for the obligation to pay the agreed price for the service rendered. In case of damage caused by the organizer or his agents, the organizer is liable to the Kr\u00e4uterm\u00fchlenhof.<\/p>\n<p>3.5 \u2013 The Kr\u00e4uterm\u00fchlenhof is entitled to demand a reasonable advance payment at any time. The amount of the advance payment and the payment dates are agreed in writing in the contract. If an agreed advance payment is not made even after the expiry of a reasonable grace period set by the Kr\u00e4uterm\u00fchlenhof, the latter is entitled to withdraw from the contract.<\/p>\n<p>3.6 \u2013 Furthermore, the Kr\u00e4uterm\u00fchlenhof is entitled to withdraw from the contract for materially justifiable reasons, e.g. if:<\/p>\n<p>a) force majeure or other circumstances beyond the control of the Kr\u00e4uterm\u00fchlenhof make the fulfillment of the contract impossible<\/p>\n<p>b) events are booked using misleading or incorrect information, e.g. regarding the identity of the organizer or purpose of the event<\/p>\n<p>c) the Kr\u00e4uterm\u00fchlenhof has reason to believe that the event may jeopardize the smooth operation, safety or reputation of the Kr\u00e4uterm\u00fchlenhof in public without being attributable to the sphere of influence of the Kr\u00e4uterm\u00fchlenhof.<\/p>\n<p>3.7 \u2013 In case the booked and agreed services are not utilized by the organizer, the Kr\u00e4uterm\u00fchlenhof is entitled to claim the damages incurred. The following applies: Food revenues = agreed price per person x number of persons less saved expenses. In the event of cancellation by the organizer, the Kr\u00e4uterm\u00fchlenhof is entitled to charge the agreed room rental, as long as a rental of the venue to an alternative party is no longer possible. In any case, the cancellation needs to be submitted in writing (also by e-mail) and requires written confirmation by the Kr\u00e4uterm\u00fchlenhof.<\/p>\n<p>3.8 \u2013 The calculation is based on the number of persons reported to the Kr\u00e4uterm\u00fchlenhof up to 14 days before the event. A reduction in the number of participants by a maximum of 5% is accepted by the Kr\u00e4uterm\u00fchlenhof free of charge. In case of deviations beyond this percentage, the originally agreed number of participants minus 5% shall be taken as the basis.<\/p>\n<p>3.9 \u2013 The organizer is liable for all orders of his guests. For guests who do not show up, the saved expenses are deducted.<\/p>\n<p>3.10 \u2013 The organizer is not allowed to bring food or drinks to events. Exceptions require a written agreement with the Kr\u00e4uterm\u00fchlenhof.<\/p>\n<p><span style=\"color: #000000;\"><strong>4. Closing provisions<\/strong><\/span><\/p>\n<p><span style=\"color: #000000;\">4.1 \u2013 Place of performance and payment is the seat of the Kr\u00e4uterm\u00fchlenhof.<\/span><\/p>\n<p>4.2 \u2013 The court of jurisdiction is the seat of the Kr\u00e4uterm\u00fchlenhof.<\/p>\n<p>4.3 \u2013 German law shall apply.<\/p>\n<p>4.4 \u2013 Should individual provisions of these terms and conditions be or become invalid or void, this shall not affect the validity of the remaining provisions. In addition, the statutory provisions apply.<span style=\"color: #000000;\"><\/p>\n<\/div><\/span><\/p>\n","protected":false},"excerpt":{"rendered":"<p>TERMS AND CONDITIONS FOR CONTRACTS REGARDING ACCOMMODATION AND EVENTS &nbsp;<\/p>\n","protected":false},"author":6,"featured_media":6827,"parent":0,"menu_order":11,"comment_status":"closed","ping_status":"closed","template":"","meta":{"footnotes":""},"class_list":["post-7645","page","type-page","status-publish","has-post-thumbnail","hentry"],"_links":{"self":[{"href":"https:\/\/www.kraeutermuehlenhof.de\/en\/wp-json\/wp\/v2\/pages\/7645","targetHints":{"allow":["GET"]}}],"collection":[{"href":"https:\/\/www.kraeutermuehlenhof.de\/en\/wp-json\/wp\/v2\/pages"}],"about":[{"href":"https:\/\/www.kraeutermuehlenhof.de\/en\/wp-json\/wp\/v2\/types\/page"}],"author":[{"embeddable":true,"href":"https:\/\/www.kraeutermuehlenhof.de\/en\/wp-json\/wp\/v2\/users\/6"}],"replies":[{"embeddable":true,"href":"https:\/\/www.kraeutermuehlenhof.de\/en\/wp-json\/wp\/v2\/comments?post=7645"}],"version-history":[{"count":3,"href":"https:\/\/www.kraeutermuehlenhof.de\/en\/wp-json\/wp\/v2\/pages\/7645\/revisions"}],"predecessor-version":[{"id":8423,"href":"https:\/\/www.kraeutermuehlenhof.de\/en\/wp-json\/wp\/v2\/pages\/7645\/revisions\/8423"}],"wp:featuredmedia":[{"embeddable":true,"href":"https:\/\/www.kraeutermuehlenhof.de\/en\/wp-json\/wp\/v2\/media\/6827"}],"wp:attachment":[{"href":"https:\/\/www.kraeutermuehlenhof.de\/en\/wp-json\/wp\/v2\/media?parent=7645"}],"curies":[{"name":"wp","href":"https:\/\/api.w.org\/{rel}","templated":true}]}}