{"id":7632,"date":"2017-04-20T14:49:15","date_gmt":"2017-04-20T12:49:15","guid":{"rendered":"https:\/\/www.kraeutermuehlenhof.de\/?page_id=7632"},"modified":"2022-11-02T13:03:36","modified_gmt":"2022-11-02T12:03:36","slug":"contact","status":"publish","type":"page","link":"https:\/\/www.kraeutermuehlenhof.de\/en\/contact\/","title":{"rendered":"Contact"},"content":{"rendered":"<p>&nbsp;<\/p>\n<h2 style=\"text-align: center;\"><span style=\"color: #8e8281;\">Contact<\/span><\/h2>\n<p>&nbsp;<\/p>\n<p style=\"text-align: center;\"><span style=\"color: #63a70a;\">Kr\u00e4uterm\u00fchlenhof Burg (Spreewald)<\/span><br \/>\n Kurparkstra\u00dfe 7b\u2013c, 03096 Burg (Spreewald)<br \/>\n Telefon: 0049 35603 61442, Telefax:<span>0049\u00a0<\/span>35603 61443<br \/>\n <span style=\"text-decoration: underline;\"><a href=\"mailto:info@kraeutermuehlenhof.de\">info@kraeutermuehlenhof.de<\/a><\/span><\/p>\n<p style=\"text-align: center;\">\n<p>&nbsp;<\/p>\n<form class=\"text-form form-horizontal\" action=\"\/mail.php\" method=\"POST\"><input name=\"name\" type=\"text\" placeholder=\"Name*\" \/><input name=\"email\" type=\"email\" placeholder=\"E-Mail*\" \/><input name=\"telefon\" type=\"text\" placeholder=\"Phone\" \/><input name=\"betreff\" type=\"text\" placeholder=\"Subject\" \/><textarea name=\"nachricht\" rows=\"4\" placeholder=\"Message\"><\/textarea><br \/>\n <div class=\"row column-row shortcode-row\"><div class=\"col-xs-12 col-md-4\"><p><label for=\"subscribe\"><input id=\"subscribe\" name=\"subscribe\" type=\"checkbox\" value=\"1\" \/><span class=\"img-span\">\u00a0<\/span><span class=\"text-span\"> Newsletter subscription<\/span><\/label><\/p>\n<\/div><div class=\"col-xs-12 col-md-8\"><p>Sorry, this entry is only available in German: Ob saisonale Speisekarten im Restaurant, aktuelle Veranstaltungen in der Kr\u00e4uterscheune oder neue \u00dcbernachtungsarrangements: Das Team vom Kr\u00e4uterm\u00fchlenhof hat immer Ideen! Einmal im Monat bringen wir unsere G\u00e4ste per Newsletter auf den neuesten Stand. Einfach das Kreuz bei Newsletteranmeldung setzen, absenden und schon sind auch Sie auf Empfang!<\/p>\n<\/div><\/div><div class=\"row column-row shortcode-row\"><div class=\"col-xs-12 col-md-4 \"><p>*compulsory input<\/p>\n<\/div><div class=\"col-xs-12 col-md-4 \"><p><button class=\"form-submit-contact btn btn-white\" type=\"button\">send<\/button><\/p>\n<\/div><div class=\"col-xs-12 col-md-4 \"><p><button class=\"form-reset btn btn-white\" type=\"reset\">delete<\/button><\/p>\n<\/div><\/div><\/form>\n","protected":false},"excerpt":{"rendered":"<p>&nbsp; Contact &nbsp; Kr\u00e4uterm\u00fchlenhof Burg (Spreewald) Kurparkstra\u00dfe 7b\u2013c, 03096 Burg (Spreewald) Telefon: 0049 35603 61442, Telefax:0049\u00a035603 61443 info@kraeutermuehlenhof.de &nbsp;<\/p>\n","protected":false},"author":6,"featured_media":6949,"parent":0,"menu_order":9,"comment_status":"closed","ping_status":"closed","template":"","meta":{"footnotes":""},"class_list":["post-7632","page","type-page","status-publish","has-post-thumbnail","hentry"],"_links":{"self":[{"href":"https:\/\/www.kraeutermuehlenhof.de\/en\/wp-json\/wp\/v2\/pages\/7632","targetHints":{"allow":["GET"]}}],"collection":[{"href":"https:\/\/www.kraeutermuehlenhof.de\/en\/wp-json\/wp\/v2\/pages"}],"about":[{"href":"https:\/\/www.kraeutermuehlenhof.de\/en\/wp-json\/wp\/v2\/types\/page"}],"author":[{"embeddable":true,"href":"https:\/\/www.kraeutermuehlenhof.de\/en\/wp-json\/wp\/v2\/users\/6"}],"replies":[{"embeddable":true,"href":"https:\/\/www.kraeutermuehlenhof.de\/en\/wp-json\/wp\/v2\/comments?post=7632"}],"version-history":[{"count":1,"href":"https:\/\/www.kraeutermuehlenhof.de\/en\/wp-json\/wp\/v2\/pages\/7632\/revisions"}],"predecessor-version":[{"id":7633,"href":"https:\/\/www.kraeutermuehlenhof.de\/en\/wp-json\/wp\/v2\/pages\/7632\/revisions\/7633"}],"wp:featuredmedia":[{"embeddable":true,"href":"https:\/\/www.kraeutermuehlenhof.de\/en\/wp-json\/wp\/v2\/media\/6949"}],"wp:attachment":[{"href":"https:\/\/www.kraeutermuehlenhof.de\/en\/wp-json\/wp\/v2\/media?parent=7632"}],"curies":[{"name":"wp","href":"https:\/\/api.w.org\/{rel}","templated":true}]}}