{"id":7623,"date":"2017-04-20T13:09:05","date_gmt":"2017-04-20T11:09:05","guid":{"rendered":"https:\/\/www.kraeutermuehlenhof.de\/?page_id=7623"},"modified":"2023-01-04T18:38:47","modified_gmt":"2023-01-04T17:38:47","slug":"our-company","status":"publish","type":"page","link":"https:\/\/www.kraeutermuehlenhof.de\/en\/our-company\/","title":{"rendered":"Our company"},"content":{"rendered":"<div id=\"header-container\" style=\"background-image: url('https:\/\/www.kraeutermuehlenhof.de\/wp-content\/uploads\/2017\/06\/slider_unternehmen_2_opt.jpg');\"><\/div>\n<h1 style=\"text-align: center;\"><span style=\"color: #63a70a;\"><strong>WE ARE THE KR\u00c4UTERM\u00dcHLENHOF BURG (SPREEWALD)<\/strong><\/span><\/h1>\n<\/p>\n<h2 class=\"p1 text-brown\" style=\"text-align: center;\"><span style=\"color: #8e8281;\">The traditional building style of our family business was once very typical of the Spreewald.<\/span><\/h2>\n<\/p>\n<h2 style=\"text-align: center;\"><span style=\"color: #63a70a;\"><\/span><span style=\"color: #63a70a;\">Our history<\/span><\/h2>\n<\/p>\n<div class=\"row column-row shortcode-row\"><div class=\"col-xs-12 col-md-6 \"><p>Our mill is a replicate of one which was already mentioned in a chronicle of 1850 but later fell victim to a fire.<\/p>\n<p>In 2002, our owner Hannelore Motzek laid the foundation for our yard with the opening of the restaurant &#8220;Zur Kr\u00e4uterm\u00fchle&#8221; and five guest rooms. In 2007, the event location Kr\u00e4uterscheune and another ten guest rooms were added in the same building style. Since 2017, our owner has been supported by her son Robert who returned to the Spreewald to continue our family business in the next generation.<\/p>\n<\/div><div class=\"col-xs-12 col-md-6 \"><p><img loading=\"lazy\" decoding=\"async\" class=\"alignnone size-full wp-image-534\" src=\"https:\/\/www.kraeutermuehlenhof.de\/wp-content\/uploads\/2017\/06\/kachel_unternehmen_1.avif\" alt=\"\" width=\"3152\" height=\"2362\" \/><\/p>\n<\/div><\/div>\n<h2 style=\"text-align: center;\"><span style=\"color: #63a70a;\"><\/span><span style=\"color: #63a70a;\">Our team<\/span><\/h2>\n<\/p>\n<h2 class=\"p1 text-brown\" style=\"text-align: center;\"><span style=\"color: #8e8281;\">Men and women of diffent age and nationalities work at the Kr\u00e4uterm\u00fchlenhof. We want them to enjoy their work together.<\/span><\/h2>\n<\/p>\n<div class=\"row column-row shortcode-row\"><div class=\"col-xs-12 col-md-6 \"><p><img loading=\"lazy\" decoding=\"async\" class=\"alignnone size-full wp-image-534\" src=\"https:\/\/www.kraeutermuehlenhof.de\/wp-content\/uploads\/2017\/06\/kachel_unternehmen_2.avif\" alt=\"\" width=\"3152\" height=\"2362\" \/><\/p>\n<\/div><div class=\"col-xs-12 col-md-6 \"><p>Let&#8217;s face it: We are most busy when our guests are on vacation or want to enjoy their after-work hours. So our employees need to perform at their very best in the evenings, at the weekends and on bank holidays.<\/p>\n<p>Even under such challenging conditions, work can be fun if everyone does their part and fits in with the team. At the Kr\u00e4uterm\u00fchlenhof we win and lose together. And we try to avoid making the same mistake twice. We are looking for honest and reliable team players who do what they say.<\/p>\n<\/div><\/div>\n<h2 style=\"text-align: center;\"><span style=\"color: #63a70a;\"><\/span><span style=\"color: #63a70a;\">Our open positions<\/span><\/h2>\n<\/p>\n<div class=\"row column-row shortcode-row\">\n<div class=\"col-xs-12 col-md-4 \"><p><span style=\"color: #63a70a;\">as of now<\/span><br \/>\n<strong><span style=\"color: #63a70a;\">chef<br \/>\n<\/span><\/strong><span style=\"text-decoration: underline;\"><a href=\"https:\/\/www.kraeutermuehlenhof.de\/wp-content\/uploads\/2018\/12\/181117-Stellenausschreibung-Koch_K\u00f6chin.pdf\" target=\"_blank\" rel=\"noopener noreferrer\">detailed job description in German<\/a><\/span><\/p>\n<p><strong><\/strong><span style=\"color: #63a70a;\"><\/span><\/p>\n<\/div>\n<div class=\"col-xs-12 col-md-4 \"><p><span style=\"color: #63a70a;\">as of now<\/span><br \/>\n<strong><span style=\"color: #63a70a;\">maid\/roomboy<br \/>\n<\/span><\/strong><span style=\"text-decoration: underline;\"><a href=\"https:\/\/www.kraeutermuehlenhof.de\/wp-content\/uploads\/2018\/12\/180524-Stellenausschreibung-Fr\u00fchst\u00fccksservice-Housekeeping.pdf\" target=\"_blank\" rel=\"noopener noreferrer\">detailed job description in German<\/a><\/span><\/p>\n<\/div>\n<div class=\"col-xs-12 col-md-4 \"><p><span style=\"color: #63a70a;\">as of now<\/span><br \/>\n<strong><span style=\"color: #63a70a;\">waiter\/waitress<br \/>\n<\/span><\/strong><span style=\"text-decoration: underline;\"><a href=\"https:\/\/www.kraeutermuehlenhof.de\/wp-content\/uploads\/2018\/12\/181117-Stellenausschreibung-Restaurantfachmann_frau-_-Servicekraft.pdf\" target=\"_blank\" rel=\"noopener noreferrer\">detailed job description in German<\/a><\/span><\/p>\n<p><strong><\/strong><span style=\"color: #63a70a;\"><\/span><\/p>\n<\/div><\/div>\n<div class=\"row column-row shortcode-row\">\n<div class=\"col-xs-12 col-md-4 \"><p><span style=\"color: #63a70a;\">as of now<\/span><br \/>\n<strong><span style=\"color: #63a70a;\">apprenticeship for<br \/>\na waiter\/waitress<br \/>\n<\/span><\/strong><span style=\"text-decoration: underline;\"><a href=\"https:\/\/www.kraeutermuehlenhof.de\/wp-content\/uploads\/2018\/12\/181117-Stellenausschreibung-Ausbildung-Restaurantfachmann_frau.pdf\" target=\"_blank\" rel=\"noopener noreferrer\">detailed job description in German<\/a><\/span><\/p>\n<\/div>\n<div class=\"col-xs-12 col-md-4 \"><p><span style=\"color: #63a70a;\">as of now<\/span><br \/>\n<strong><span style=\"color: #63a70a;\">apprenticeship for<br \/>\na\u00a0chef<br \/>\n<\/span><\/strong><span style=\"text-decoration: underline;\"><a href=\"https:\/\/www.kraeutermuehlenhof.de\/wp-content\/uploads\/2018\/12\/181115-Stellenausschreibung-Ausbildung-Koch_K\u00f6chin.pdf\" target=\"_blank\" rel=\"noopener noreferrer\">detailed job description in German<\/a><\/span><\/p>\n<p><strong><\/strong><span style=\"color: #63a70a;\"><\/span><\/p>\n<\/div><\/div>\n<\/p>\n<p style=\"text-align: center;\"><strong>In case you are interested, please send your application documents to the following address:<\/strong><\/p>\n<p style=\"text-align: center;\"><span>Kr\u00e4utermu\u0308hlenhof Burg (Spreewald)<\/span><br \/>\n<span>Kurparkstra\u00dfe 7b\u2013c<\/span><br \/>\n<span>03096 Burg (Spreewald)<br \/>\n<span style=\"text-decoration: underline;\"><a href=\"mailto:robert.motzek@kraeutermuehlenhof.de\">robert.motzek@kraeutermuehlenhof.de<\/a><\/span><br \/>\n<\/span><\/p><\/p>\n","protected":false},"excerpt":{"rendered":"<p>WE ARE THE KR\u00c4UTERM\u00dcHLENHOF BURG (SPREEWALD) The traditional building style of our family business was once very typical of the&#8230;<\/p>\n","protected":false},"author":6,"featured_media":0,"parent":0,"menu_order":7,"comment_status":"closed","ping_status":"closed","template":"","meta":{"footnotes":""},"class_list":["post-7623","page","type-page","status-publish","hentry"],"_links":{"self":[{"href":"https:\/\/www.kraeutermuehlenhof.de\/en\/wp-json\/wp\/v2\/pages\/7623","targetHints":{"allow":["GET"]}}],"collection":[{"href":"https:\/\/www.kraeutermuehlenhof.de\/en\/wp-json\/wp\/v2\/pages"}],"about":[{"href":"https:\/\/www.kraeutermuehlenhof.de\/en\/wp-json\/wp\/v2\/types\/page"}],"author":[{"embeddable":true,"href":"https:\/\/www.kraeutermuehlenhof.de\/en\/wp-json\/wp\/v2\/users\/6"}],"replies":[{"embeddable":true,"href":"https:\/\/www.kraeutermuehlenhof.de\/en\/wp-json\/wp\/v2\/comments?post=7623"}],"version-history":[{"count":3,"href":"https:\/\/www.kraeutermuehlenhof.de\/en\/wp-json\/wp\/v2\/pages\/7623\/revisions"}],"predecessor-version":[{"id":8421,"href":"https:\/\/www.kraeutermuehlenhof.de\/en\/wp-json\/wp\/v2\/pages\/7623\/revisions\/8421"}],"wp:attachment":[{"href":"https:\/\/www.kraeutermuehlenhof.de\/en\/wp-json\/wp\/v2\/media?parent=7623"}],"curies":[{"name":"wp","href":"https:\/\/api.w.org\/{rel}","templated":true}]}}