{"id":7615,"date":"2017-04-20T13:09:05","date_gmt":"2017-04-20T11:09:05","guid":{"rendered":"https:\/\/www.kraeutermuehlenhof.de\/?page_id=7615"},"modified":"2023-01-04T18:38:37","modified_gmt":"2023-01-04T17:38:37","slug":"group-travels","status":"publish","type":"page","link":"https:\/\/www.kraeutermuehlenhof.de\/en\/group-travels\/","title":{"rendered":"Group travels"},"content":{"rendered":"<div id=\"header-container\" style=\"background-image: url('https:\/\/www.kraeutermuehlenhof.de\/wp-content\/uploads\/2020\/04\/200406-Festscheune-1920.jpg');\">\n<\/div>\n<h1 style=\"text-align: center;\"><span style=\"color: #63a70a;\"><strong>GROUP TOURS <br \/>\n TO THE SPREEWALD<\/strong><\/span><\/h1>\n<p>&nbsp;<\/p>\n<h2 class=\"p1 text-brown\" style=\"text-align: center;\"><span style=\"color: #8e8281;\">Planning a group tour to the Spreewald? We organize complete day tours or just meals for you. Our spacious Kr\u00e4uterscheune can hold up to 150 people seated. <\/span><\/h2>\n<div class=\"row column-row shortcode-row\">\n <div class=\"col-xs-12 col-md-12 \"><p>\u00a0<a class=\"btn btn-green\" href=\"https:\/\/www.kraeutermuehlenhof.de\/en\/contact\/\">Contact<\/a><\/p>\n<\/div>\n <\/div>\n<div class=\"row column-row shortcode-row\"><div class=\"col-xs-12 col-md-6 \"><p><img loading=\"lazy\" decoding=\"async\" class=\"alignnone size-full wp-image-524\" src=\"https:\/\/www.kraeutermuehlenhof.de\/wp-content\/uploads\/2017\/06\/kachel_reisegruppen_1.avif\" alt=\"\" width=\"4165\" height=\"3130\" \/><\/p>\n<\/div><div class=\"col-xs-12 col-md-6 \"><p>Our day programme <span style=\"text-decoration: underline;\"><a href=\"https:\/\/www.kraeutermuehlenhof.de\/wp-content\/uploads\/2019\/11\/181022-Spreewaldklassiker-auf-dem-Kr\u00e4uterm\u00fchlenhof-Burg-2020.pdf\" target=\"_blank\" rel=\"noopener noreferrer\">&#8220;Spreewald classics at the Kr\u00e4uterm\u00fchlenhof&#8221;<\/a><\/span> unites all typical specialities of the region such as cucumber tasting, lunch, punt tour, entertainment programme and a coffee set.\u00a0<\/p>\n<p>For the Christmas season, we also offer the programme <span style=\"text-decoration: underline;\"><a href=\"https:\/\/www.kraeutermuehlenhof.de\/wp-content\/uploads\/2019\/12\/191119-Spreew\u00e4lder-Adventssingen-mit-Schokoladenverkostung.pdf\" target=\"_blank\" rel=\"noopener noreferrer\">&#8220;Spreewald Christmas at the Kr\u00e4uterm\u00fchlenhof&#8221;<\/a><\/span> with stollen fruit loaf, chocolate tasting and a singing sessions of traditional Christmas songs.<\/p>\n<p>All group programmes are available in German and English. In addition, we have programmes for the spring and fall season. We are also available as a flexible partner for group lunches, coffees and dinners.<\/p>\n<\/div><\/div>\n<h2 style=\"text-align: center;\"><span style=\"color: #8e8281;\">Spreewald classics at the Kr\u00e4uterm\u00fchlenhof<\/span><\/h2>\n<p>&nbsp;<\/p>\n<div class=\"row column-row shortcode-row\"><div class=\"col-xs-12 col-md-6 \"><p>Enjoy a day full of Spreewald originals in the heart of Burg! First of all, you will go by punt and glide through the unique nature of the Spreewald forest. Thereafter, we welcome you with a cucumber tasting and a regional lunch at the Kr\u00e4uterm\u00fchlenhof next to Burg&#8217;s beautiful gardens. Your stay will be rounded off with coffee &amp; cake and a performance by the Sorbian folklore group <span style=\"text-decoration: underline;\"><a href=\"https:\/\/www.drjewjanki.de\/\" target=\"_blank\" rel=\"noopener noreferrer\">Drjewjanki<\/a><\/span>.<\/p>\n<p>Detailed information about the various items and the selection for lunch and coffee can be found in our <span style=\"text-decoration: underline;\"><a href=\"https:\/\/www.kraeutermuehlenhof.de\/wp-content\/uploads\/2019\/11\/181022-Spreewaldklassiker-auf-dem-Kr\u00e4uterm\u00fchlenhof-Burg-2020.pdf\" target=\"_blank\" rel=\"noopener noreferrer\">brochure<\/a><\/span>. The programme is avaiable throughout the whole year for at least 40 participants. In case your group is smaller than 40 people, we are happy to set up a similar alternative programme any time!<\/p>\n<\/div><div class=\"col-xs-12 col-md-6 \"><p><strong><span style=\"color: #63a70a;\">Program<\/span><\/strong><\/p>\n<p><span style=\"color: #63a70a;\">11.00 a.m. \u2013 Hour-long punt tour from Spreehafen Burg<\/span><\/p>\n<p><span style=\"color: #63a70a;\">12.15 p.m. \u2013 Reception with tasting of Spreewald gherkins at the Kr\u00e4uterm\u00fchlenhof (500 meters from the Kr\u00e4uterm\u00fchlenhof)<\/span><\/p>\n<p><span style=\"color: #63a70a;\">12.30 p.m. \u2013 Spreewald-style lunch<\/span><\/p>\n<p><span style=\"color: #63a70a;\">2.00 p.m. \u2013\u00a0Hour-long entertainment programme with the Sorbian folklore group &#8220;Drjewjanki&#8221;<\/span><\/p>\n<p><span style=\"color: #63a70a;\">3.30 p.m. \u2013\u00a0Coffee with fresh Lusatian plins (similar to pancake)<\/span><\/p>\n<p><span style=\"color: #63a70a;\">4.30 p.m. \u2013\u00a0Farewell and departure<\/span><\/p>\n<p><span style=\"color: #63a70a;\"><strong>All-inclusive price<\/strong>: 33.90 \u20ac per person<\/span><\/p>\n<\/div><\/div>\n<h2 style=\"text-align: center;\"><span style=\"color: #8e8281;\"><\/span><\/h2>\n","protected":false},"excerpt":{"rendered":"<p>GROUP TOURS TO THE SPREEWALD &nbsp; Planning a group tour to the Spreewald? We organize complete day tours or just&#8230;<\/p>\n","protected":false},"author":6,"featured_media":0,"parent":0,"menu_order":5,"comment_status":"closed","ping_status":"closed","template":"","meta":{"footnotes":""},"class_list":["post-7615","page","type-page","status-publish","hentry"],"_links":{"self":[{"href":"https:\/\/www.kraeutermuehlenhof.de\/en\/wp-json\/wp\/v2\/pages\/7615","targetHints":{"allow":["GET"]}}],"collection":[{"href":"https:\/\/www.kraeutermuehlenhof.de\/en\/wp-json\/wp\/v2\/pages"}],"about":[{"href":"https:\/\/www.kraeutermuehlenhof.de\/en\/wp-json\/wp\/v2\/types\/page"}],"author":[{"embeddable":true,"href":"https:\/\/www.kraeutermuehlenhof.de\/en\/wp-json\/wp\/v2\/users\/6"}],"replies":[{"embeddable":true,"href":"https:\/\/www.kraeutermuehlenhof.de\/en\/wp-json\/wp\/v2\/comments?post=7615"}],"version-history":[{"count":6,"href":"https:\/\/www.kraeutermuehlenhof.de\/en\/wp-json\/wp\/v2\/pages\/7615\/revisions"}],"predecessor-version":[{"id":8420,"href":"https:\/\/www.kraeutermuehlenhof.de\/en\/wp-json\/wp\/v2\/pages\/7615\/revisions\/8420"}],"wp:attachment":[{"href":"https:\/\/www.kraeutermuehlenhof.de\/en\/wp-json\/wp\/v2\/media?parent=7615"}],"curies":[{"name":"wp","href":"https:\/\/api.w.org\/{rel}","templated":true}]}}